{"id":6513,"date":"2025-08-21T11:24:45","date_gmt":"2025-08-21T11:24:45","guid":{"rendered":"https:\/\/nima-nazarinia.com\/home\/"},"modified":"2025-12-20T14:41:13","modified_gmt":"2025-12-20T14:41:13","slug":"home","status":"publish","type":"page","link":"https:\/\/nima-nazarinia.com\/de\/","title":{"rendered":"Home"},"content":{"rendered":"<div class=\"wpb-content-wrapper\"><p>[vc_row content_text_aligment=&#8220;center&#8220; simple_background_color=&#8220;#000000&#8243;][vc_column][rev_slider_vc alias=&#8220;home-5&#8243; enable_paspartu=&#8220;no&#8220;][\/vc_column][\/vc_row][vc_row row_content_width=&#8220;grid&#8220; content_text_aligment=&#8220;center&#8220; simple_background_color=&#8220;#FFFFFF&#8220; el_class=&#8220;arrow-box&#8220;][vc_column width=&#8220;1\/3&#8243;][\/vc_column][vc_column width=&#8220;1\/3&#8243;]<div class=\"mkdf-elements-holder    mkdf-one-column  mkdf-responsive-mode-768 \" ><div class=\"mkdf-eh-item   mkdf-horizontal-alignment-center \"  data-item-class=\"mkdf-eh-custom-5394\">\n\t<div class=\"mkdf-eh-item-inner\">\n\t\t<div class=\"mkdf-eh-item-content mkdf-eh-custom-5394\" style=\"padding: 87px 0 0 47%\">\n\t\t\t<div class=\"mkdf-visual-effects-holder  mkdf-veh-uncover mkdf-veh-from-top\" >\n\t<div class=\"mkdf-veh-inner\">\n\t\t\t\t\t<div class=\"mkdf-veh-mask\"  style=\"background-color: #000000\"><\/div>\n\t\t\t\t<div class=\"mkdf-veh-content\">\n\t\t\t<div class=\"mkdf-single-image-holder   \">\n    <div class=\"mkdf-si-inner\" >\n                                    <img decoding=\"async\" width=\"16\" height=\"50\" data-src=\"https:\/\/nima-nazarinia.com\/wp-content\/uploads\/2018\/04\/arrow.png\" class=\"attachment-full size-full lazyload\" alt=\"a\" src=\"data:image\/svg+xml;base64,PHN2ZyB3aWR0aD0iMSIgaGVpZ2h0PSIxIiB4bWxucz0iaHR0cDovL3d3dy53My5vcmcvMjAwMC9zdmciPjwvc3ZnPg==\" style=\"--smush-placeholder-width: 16px; --smush-placeholder-aspect-ratio: 16\/50;\" \/>                        <\/div>\n<\/div>\t\t<\/div>\n\t<\/div>\n<\/div>\t\t<\/div>\n\t<\/div>\n<\/div><\/div>[\/vc_column][vc_column width=&#8220;1\/3&#8243;]<div class=\"mkdf-elements-holder    mkdf-one-column  mkdf-responsive-mode-768 \" ><div class=\"mkdf-eh-item   mkdf-horizontal-alignment-right \"  data-item-class=\"mkdf-eh-custom-8142\">\n\t<div class=\"mkdf-eh-item-inner\">\n\t\t<div class=\"mkdf-eh-item-content mkdf-eh-custom-8142\" style=\"padding: 9px 0 0 0\">\n\t\t\t<div class=\"mkdf-section-title-holder  mkdf-st-standard mkdf-st-title-left mkdf-st-normal-space \" >\n\t<div class=\"mkdf-st-inner\">\n\t\t\t\t\t<h6 class=\"mkdf-st-title\" style=\"color: #000000\">\n\t\t\t\tNima Nazarinia, Schauspieler\t\t\t<\/h6>\n\t\t\t\t\t<\/div>\n<\/div>\t\t<\/div>\n\t<\/div>\n<\/div><\/div>[\/vc_column][\/vc_row][vc_row content_text_aligment=&#8220;left&#8220; simple_background_color=&#8220;#FFFFFF&#8220;][vc_column offset=&#8220;vc_hidden-xs&#8220;]<div class=\"mkdf-elements-holder    mkdf-one-column  mkdf-responsive-mode-768 \" ><div class=\"mkdf-eh-item    \"  data-item-class=\"mkdf-eh-custom-2055\" data-768-1024=\"110px 0 95px 60px\" data-680-768=\"110px 0 95px 60px\" data-680=\"18px 0 50px 33px\">\n\t<div class=\"mkdf-eh-item-inner\">\n\t\t<div class=\"mkdf-eh-item-content mkdf-eh-custom-2055\" style=\"padding: 116px 0 95px 60px\">\n\t\t\t<div class=\"mkdf-section-title-holder  mkdf-st-standard mkdf-st-title-left mkdf-st-normal-space \" >\n\t<div class=\"mkdf-st-inner\">\n\t\t\t\t\t<h1 class=\"mkdf-st-title\" style=\"color: #000000\">\n\t\t\t\tNima Nazarinia\t\t\t<\/h1>\n\t\t\t\t\t<\/div>\n<\/div>\t\t<\/div>\n\t<\/div>\n<\/div><\/div>[\/vc_column][\/vc_row][vc_row row_content_width=&#8220;grid&#8220; simple_background_color=&#8220;#FFFFFF&#8220;][vc_column offset=&#8220;vc_col-lg-offset-0 vc_col-lg-6 vc_col-md-offset-0 vc_col-md-12 vc_col-sm-offset-0&#8243;]<div class=\"mkdf-visual-effects-holder  mkdf-veh-uncover mkdf-veh-from-top\" >\n\t<div class=\"mkdf-veh-inner\">\n\t\t\t\t\t<div class=\"mkdf-veh-mask\"  style=\"background-color: #ECEAEA\"><\/div>\n\t\t\t\t<div class=\"mkdf-veh-content\">\n\t\t\t<div class=\"mkdf-single-image-holder   \">\n    <div class=\"mkdf-si-inner\" >\n                                    <img decoding=\"async\" width=\"1707\" height=\"2560\" data-src=\"https:\/\/nima-nazarinia.com\/wp-content\/uploads\/2025\/11\/nima-scaled.jpeg\" class=\"attachment-full size-full lazyload\" alt=\"\" data-srcset=\"https:\/\/nima-nazarinia.com\/wp-content\/uploads\/2025\/11\/nima-scaled.jpeg 1707w, https:\/\/nima-nazarinia.com\/wp-content\/uploads\/2025\/11\/nima-200x300.jpeg 200w, https:\/\/nima-nazarinia.com\/wp-content\/uploads\/2025\/11\/nima-683x1024.jpeg 683w, https:\/\/nima-nazarinia.com\/wp-content\/uploads\/2025\/11\/nima-768x1152.jpeg 768w, https:\/\/nima-nazarinia.com\/wp-content\/uploads\/2025\/11\/nima-1024x1536.jpeg 1024w, https:\/\/nima-nazarinia.com\/wp-content\/uploads\/2025\/11\/nima-1365x2048.jpeg 1365w\" data-sizes=\"(max-width: 1707px) 100vw, 1707px\" src=\"data:image\/svg+xml;base64,PHN2ZyB3aWR0aD0iMSIgaGVpZ2h0PSIxIiB4bWxucz0iaHR0cDovL3d3dy53My5vcmcvMjAwMC9zdmciPjwvc3ZnPg==\" style=\"--smush-placeholder-width: 1707px; --smush-placeholder-aspect-ratio: 1707\/2560;\" \/>                        <\/div>\n<\/div>\t\t<\/div>\n\t<\/div>\n<\/div>[\/vc_column][vc_column css=&#8220;.vc_custom_1524557685232{margin-top: -65px !important;}&#8220; offset=&#8220;vc_col-lg-offset-0 vc_col-lg-6 vc_col-md-offset-0 vc_col-md-12 vc_col-sm-offset-0&#8243;]<div class=\"mkdf-elements-holder    mkdf-one-column  mkdf-responsive-mode-768 \" ><div class=\"mkdf-eh-item    \"  data-item-class=\"mkdf-eh-custom-6080\" data-1024-1366=\"0 0 0 8%\" data-768-1024=\"135px 0 0 0%\" data-680-768=\"135px 0 0 0%\" data-680=\"135px 0 0 0%\">\n\t<div class=\"mkdf-eh-item-inner\">\n\t\t<div class=\"mkdf-eh-item-content mkdf-eh-custom-6080\" style=\"padding: 65px 0 0 8%\">\n\t\t\t<div class=\"mkdf-visual-effects-holder  mkdf-veh-parallax \" data-parallax=\"{&quot;y&quot;: -40, &quot;smoothness&quot;: 40}\">\n\t<div class=\"mkdf-veh-inner\">\n\t\t\t\t<div class=\"mkdf-veh-content\">\n\t\t\t<div class=\"mkdf-section-title-holder  mkdf-st-standard mkdf-st-title-left mkdf-st-normal-space \" >\n\t<div class=\"mkdf-st-inner\">\n\t\t\t\t\t<h4 class=\"mkdf-st-title\" style=\"color: #000000\">\n\t\t\t\t\u00dcber\t\t\t<\/h4>\n\t\t\t\t\t\t\t<p class=\"mkdf-st-text\" style=\"color: #000000;margin-top: 22px\">\n\t\t\t\tNima Nazarinia absolvierte das Studium B\u00fchnenbild\/Kost\u00fcm und Regie an der Azad Universit\u00e4t im Iran sowie eine Ausbildung im Method Acting, nachdem er die damals einzige Theaterschule des Landes abgeschlossen hatte. Im Iran arbeitete er ca. zehn Jahre lang als Regieassistent, B\u00fchnenbildner und Regisseur und spielte als Schauspieler in verschiedenen Theater- und Filmprojekten.\t\t\t<\/p>\n\t\t\t<\/div>\n<\/div><div class=\"mkdf-section-title-holder  mkdf-st-standard mkdf-st-title-left mkdf-st-normal-space \" >\n\t<div class=\"mkdf-st-inner\">\n\t\t\t\t\t\t\t<p class=\"mkdf-st-text\" style=\"color: #000000;margin-top: 25px\">\n\t\t\t\tSeit 2015 lebt er in Wien, wo er in unterschiedlichen Film- und Theaterprojekten sowie Performances mitwirkte bzw. selbst inszenierte \u2013 unter anderem im Theater Akzent , Brick-5 und\u2026\t\t\t<\/p>\n\t\t\t<\/div>\n<\/div><div class=\"mkdf-section-title-holder  mkdf-st-standard mkdf-st-title-left mkdf-st-normal-space \" >\n\t<div class=\"mkdf-st-inner\">\n\t\t\t\t\t\t\t<p class=\"mkdf-st-text\" style=\"color: #000000;margin-top: 25px\">\n\t\t\t\tEr spielte au\u00dferdem in dem Kurzfilm \u201eMS\u201c mit und war im Jahr 2020 als B\u00fchnenbildner f\u00fcr den Kurzfilm \u201eSuper Enki aus Osternwald\u201c t\u00e4tig. Dar\u00fcber hinaus \u00fcbernahm er eine Hauptrolle im Film \u201eShahid\u201c, in dem er die Figur des Gro\u00dfvaters verk\u00f6rperte.\t\t\t<\/p>\n\t\t\t<\/div>\n<\/div>[vc_empty_space height=&#8220;49px&#8220;]<a itemprop=\"url\" href=\"https:\/\/nima-nazarinia.com\/cv\/\" target=\"_self\" style=\"color: #ffffff;text-transform: uppercase\" class=\"mkdf-btn mkdf-btn-medium mkdf-btn-simple mkdf-btn-custom-hover-color mkdf-btn-animation\" data-hover-color=\"#989898\" >\n\t\t\t<div class=\"mkdf-button-icon-holder\" >\n\t\t\t<i class=\"mkdf-icon-ion-icon ion-ios-arrow-right mkdf-icon-element\" ><\/i>\n\t\t\t<svg xmlns=\"http:\/\/www.w3.org\/2000\/svg\" xmlns:xlink=\"http:\/\/www.w3.org\/1999\/xlink\" x=\"0px\" y=\"0px\" width=\"19px\" height=\"19px\"\n\t\t\t  \tviewBox=\"0 0 19 19\" enable-background=\"new 0 0 19 19\" xml:space=\"preserve\">\n\t\t\t\t<circle fill=\"none\" stroke-miterlimit=\"10\" cx=\"9.531\" cy=\"9.469\" r=\"9.031\" style=\"border-color: #ffffff;stroke: #ffffff\" \/>\n\t\t\t<\/svg>\n\t\t<\/div>\n\t\t<span class=\"mkdf-btn-text\">MEHR LESEN - Vita<\/span>\n    <\/a>[vc_empty_space height=&#8220;&#8220;]    <span class=\"mkdf-icon-shortcode mkdf-normal   \"  data-hover-color=\"#989898\" data-color=\"#000000\">\n                    <a itemprop=\"url\" class=\"\" href=\"https:\/\/www.facebook.com\/share\/18dJRpcsc5\/\" target=\"_blank\">\n                    <span aria-hidden=\"true\" class=\"mkdf-icon-font-elegant social_facebook mkdf-icon-element\" style=\"color: #000000;font-size:18px\" ><\/span>                    <\/a>\n            <\/span>\n    <span class=\"mkdf-icon-shortcode mkdf-normal   \"  data-hover-color=\"#989898\" data-color=\"#000000\">\n                    <a itemprop=\"url\" class=\"\" href=\"https:\/\/www.instagram.com\/nima8344\" target=\"_blank\">\n                    <span aria-hidden=\"true\" class=\"mkdf-icon-font-elegant social_instagram mkdf-icon-element\" style=\"color: #000000;font-size:18px\" ><\/span>                    <\/a>\n            <\/span>\n\t\t<\/div>\n\t<\/div>\n<\/div>\t\t<\/div>\n\t<\/div>\n<\/div><\/div>[\/vc_column][\/vc_row][vc_row content_placement=&#8220;middle&#8220; row_content_width=&#8220;grid&#8220; content_text_aligment=&#8220;center&#8220; simple_background_color=&#8220;#FFFFFF&#8220; css=&#8220;.vc_custom_1762935174507{padding-top: 43px !important;padding-bottom: 100px !important;border-radius: 1px !important;}&#8220;][vc_column offset=&#8220;vc_col-lg-offset-0 vc_col-lg-12 vc_col-md-offset-0 vc_col-md-12&#8243; css=&#8220;.vc_custom_1762935191845{margin-top: 16px !important;margin-right: 16px !important;margin-bottom: 16px !important;margin-left: 16px !important;border-top-width: 1px !important;border-right-width: 1px !important;border-bottom-width: 1px !important;border-left-width: 1px !important;border-left-style: solid !important;border-right-style: solid !important;border-top-style: solid !important;border-bottom-style: solid !important;border-color: #000000 !important;}&#8220;]<div class=\"mkdf-elements-holder    mkdf-one-column  mkdf-responsive-mode-768 mkdf-one-column-alignment-center\" ><div class=\"mkdf-eh-item   mkdf-horizontal-alignment-center \"  data-item-class=\"mkdf-eh-custom-6808\" data-680=\"0 20% 0 0\">\n\t<div class=\"mkdf-eh-item-inner\">\n\t\t<div class=\"mkdf-eh-item-content mkdf-eh-custom-6808\" style=\"padding: 0 0 0 0\">\n\t\t\t<div class=\"mkdf-visual-effects-holder  mkdf-veh-uncover mkdf-veh-from-top\" >\n\t<div class=\"mkdf-veh-inner\">\n\t\t\t\t\t<div class=\"mkdf-veh-mask\"  style=\"background-color: #FFFFFF\"><\/div>\n\t\t\t\t<div class=\"mkdf-veh-content\">\n\t\t\t[vc_row_inner content_placement=&#8220;middle&#8220; content_text_aligment=&#8220;center&#8220; css=&#8220;.vc_custom_1526658083547{margin-right: 1px !important;margin-left: 1px !important;}&#8220;][vc_column_inner css=&#8220;.vc_custom_1762935286618{padding-top: 84px !important;padding-right: 29.5% !important;padding-bottom: 100px !important;padding-left: 29.5% !important;border-color: #000000 !important;}&#8220;]<div class=\"mkdf-section-title-holder  mkdf-st-standard mkdf-st-title-left mkdf-st-normal-space \" style=\"text-align: center\">\n\t<div class=\"mkdf-st-inner\">\n\t\t\t\t\t<h3 class=\"mkdf-st-title\" style=\"color: #000000\">\n\t\t\t\tKontakt\t\t\t<\/h3>\n\t\t\t\t\t<\/div>\n<\/div>[vc_empty_space]\n<div class=\"wpcf7 no-js\" id=\"wpcf7-f3715-o1\" lang=\"en-US\" dir=\"ltr\" data-wpcf7-id=\"3715\">\n<div class=\"screen-reader-response\"><p role=\"status\" aria-live=\"polite\" aria-atomic=\"true\"><\/p> <ul><\/ul><\/div>\n<form action=\"\/de\/wp-json\/wp\/v2\/pages\/6513#wpcf7-f3715-o1\" method=\"post\" class=\"wpcf7-form init cf7_custom_style_2 demo\" aria-label=\"Contact form\" novalidate=\"novalidate\" data-status=\"init\">\n<fieldset class=\"hidden-fields-container\"><input type=\"hidden\" name=\"_wpcf7\" value=\"3715\" \/><input type=\"hidden\" name=\"_wpcf7_version\" value=\"6.1.1\" \/><input type=\"hidden\" name=\"_wpcf7_locale\" value=\"en_US\" \/><input type=\"hidden\" name=\"_wpcf7_unit_tag\" value=\"wpcf7-f3715-o1\" \/><input type=\"hidden\" name=\"_wpcf7_container_post\" value=\"0\" \/><input type=\"hidden\" name=\"_wpcf7_posted_data_hash\" value=\"\" \/>\n<\/fieldset>\n<div class=\"qodef-cf-light\">\n\t<p><span class=\"wpcf7-form-control-wrap\" data-name=\"your-name\"><input size=\"40\" maxlength=\"400\" class=\"wpcf7-form-control wpcf7-text\" aria-invalid=\"false\" placeholder=\"Name\" value=\"\" type=\"text\" name=\"your-name\" \/><\/span><br \/>\n<span class=\"wpcf7-form-control-wrap\" data-name=\"your-email\"><input size=\"40\" maxlength=\"400\" class=\"wpcf7-form-control wpcf7-email wpcf7-text wpcf7-validates-as-email\" aria-invalid=\"false\" placeholder=\"Email\" value=\"\" type=\"email\" name=\"your-email\" \/><\/span><br \/>\n<span class=\"wpcf7-form-control-wrap\" data-name=\"your-message\"><input size=\"40\" maxlength=\"400\" class=\"wpcf7-form-control wpcf7-text\" aria-invalid=\"false\" placeholder=\"Description\" value=\"\" type=\"text\" name=\"your-message\" \/><\/span><br \/>\n<input class=\"wpcf7-form-control wpcf7-submit has-spinner\" type=\"submit\" value=\"Send Message\" \/>\n\t<\/p>\n<\/div><p style=\"display: none !important;\" class=\"akismet-fields-container\" data-prefix=\"_wpcf7_ak_\"><label>&#916;<textarea name=\"_wpcf7_ak_hp_textarea\" cols=\"45\" rows=\"8\" maxlength=\"100\"><\/textarea><\/label><input type=\"hidden\" id=\"ak_js_1\" name=\"_wpcf7_ak_js\" value=\"63\"\/><script>document.getElementById( \"ak_js_1\" ).setAttribute( \"value\", ( new Date() ).getTime() );<\/script><\/p><div class=\"wpcf7-response-output\" aria-hidden=\"true\"><\/div>\n<\/form>\n<\/div>\n[\/vc_column_inner][\/vc_row_inner]\t\t<\/div>\n\t<\/div>\n<\/div>\t\t<\/div>\n\t<\/div>\n<\/div><\/div>[\/vc_column][\/vc_row][vc_row content_text_aligment=&#8220;center&#8220; simple_background_color=&#8220;#FFFFFF&#8220;][vc_column offset=&#8220;vc_col-lg-offset-4 vc_col-lg-4 vc_col-md-offset-0 vc_col-md-12&#8243;]<div class=\"mkdf-elements-holder    mkdf-one-column  mkdf-responsive-mode-768 mkdf-one-column-alignment-center\" ><div class=\"mkdf-eh-item   mkdf-horizontal-alignment-center \"  data-item-class=\"mkdf-eh-custom-1302\" data-768-1024=\"0 0 0 25%\" data-680-768=\"0 0 0 18.3%\" data-680=\"0 0 0 0\">\n\t<div class=\"mkdf-eh-item-inner\">\n\t\t<div class=\"mkdf-eh-item-content mkdf-eh-custom-1302\" >\n\t\t\t<div class=\"mkdf-single-image-holder   \">\n    <div class=\"mkdf-si-inner\" >\n                                    <img decoding=\"async\" width=\"683\" height=\"1024\" data-src=\"https:\/\/nima-nazarinia.com\/wp-content\/uploads\/2025\/11\/nima2-683x1024.jpeg\" class=\"attachment-large size-large lazyload\" alt=\"\" data-srcset=\"https:\/\/nima-nazarinia.com\/wp-content\/uploads\/2025\/11\/nima2-683x1024.jpeg 683w, https:\/\/nima-nazarinia.com\/wp-content\/uploads\/2025\/11\/nima2-200x300.jpeg 200w, https:\/\/nima-nazarinia.com\/wp-content\/uploads\/2025\/11\/nima2-768x1152.jpeg 768w, https:\/\/nima-nazarinia.com\/wp-content\/uploads\/2025\/11\/nima2-1024x1536.jpeg 1024w, https:\/\/nima-nazarinia.com\/wp-content\/uploads\/2025\/11\/nima2-1365x2048.jpeg 1365w, https:\/\/nima-nazarinia.com\/wp-content\/uploads\/2025\/11\/nima2-scaled.jpeg 1707w\" data-sizes=\"(max-width: 683px) 100vw, 683px\" src=\"data:image\/svg+xml;base64,PHN2ZyB3aWR0aD0iMSIgaGVpZ2h0PSIxIiB4bWxucz0iaHR0cDovL3d3dy53My5vcmcvMjAwMC9zdmciPjwvc3ZnPg==\" style=\"--smush-placeholder-width: 683px; --smush-placeholder-aspect-ratio: 683\/1024;\" \/>                        <\/div>\n<\/div>\t\t<\/div>\n\t<\/div>\n<\/div><\/div>[\/vc_column][\/vc_row][vc_row row_content_width=&#8220;grid&#8220; content_text_aligment=&#8220;center&#8220; simple_background_color=&#8220;#FFFFFF&#8220; css=&#8220;.vc_custom_1762935541567{padding-top: 50px !important;}&#8220;][vc_column offset=&#8220;vc_col-lg-offset-4 vc_col-lg-4 vc_col-md-offset-0 vc_col-md-12&#8243; el_class=&#8220;arrow-box&#8220;]<div class=\"mkdf-elements-holder    mkdf-one-column  mkdf-responsive-mode-768 mkdf-one-column-alignment-center\" ><div class=\"mkdf-eh-item   mkdf-horizontal-alignment-center \"  data-item-class=\"mkdf-eh-custom-4676\" data-768-1024=\"0 0 0 25%\" data-680-768=\"0 0 0 18.3%\" data-680=\"0 0 0 0\">\n\t<div class=\"mkdf-eh-item-inner\">\n\t\t<div class=\"mkdf-eh-item-content mkdf-eh-custom-4676\" >\n\t\t\t<div class=\"mkdf-single-image-holder   \">\n    <div class=\"mkdf-si-inner\" >\n                                                            <\/div>\n<\/div>\t\t<\/div>\n\t<\/div>\n<\/div><\/div>[\/vc_column][\/vc_row]<\/p>\n<\/div>","protected":false},"excerpt":{"rendered":"<p>[vc_row content_text_aligment=&#8220;center&#8220; simple_background_color=&#8220;#000000&#8243;][vc_column][rev_slider_vc alias=&#8220;home-5&#8243; enable_paspartu=&#8220;no&#8220;][\/vc_column][\/vc_row][vc_row row_content_width=&#8220;grid&#8220; content_text_aligment=&#8220;center&#8220; simple_background_color=&#8220;#FFFFFF&#8220; el_class=&#8220;arrow-box&#8220;][vc_column width=&#8220;1\/3&#8243;][\/vc_column][vc_column width=&#8220;1\/3&#8243;][\/vc_column][vc_column width=&#8220;1\/3&#8243;][\/vc_column][\/vc_row][vc_row content_text_aligment=&#8220;left&#8220; simple_background_color=&#8220;#FFFFFF&#8220;][vc_column offset=&#8220;vc_hidden-xs&#8220;][\/vc_column][\/vc_row][vc_row row_content_width=&#8220;grid&#8220; simple_background_color=&#8220;#FFFFFF&#8220;][vc_column offset=&#8220;vc_col-lg-offset-0 vc_col-lg-6 vc_col-md-offset-0 vc_col-md-12 vc_col-sm-offset-0&#8243;][\/vc_column][vc_column css=&#8220;.vc_custom_1524557685232{margin-top: -65px !important;}&#8220; offset=&#8220;vc_col-lg-offset-0 vc_col-lg-6 vc_col-md-offset-0 vc_col-md-12 vc_col-sm-offset-0&#8243;][\/vc_column][\/vc_row][vc_row content_placement=&#8220;middle&#8220; row_content_width=&#8220;grid&#8220; content_text_aligment=&#8220;center&#8220; simple_background_color=&#8220;#FFFFFF&#8220; css=&#8220;.vc_custom_1762935174507{padding-top: 43px !important;padding-bottom: 100px !important;border-radius: 1px [&hellip;]<\/p>\n","protected":false},"author":1,"featured_media":6601,"parent":0,"menu_order":0,"comment_status":"closed","ping_status":"closed","template":"full-width.php","meta":{"_acf_changed":false,"h5ap_radio_sources":[],"footnotes":""},"class_list":["post-6513","page","type-page","status-publish","has-post-thumbnail","hentry"],"acf":[],"_links":{"self":[{"href":"https:\/\/nima-nazarinia.com\/de\/wp-json\/wp\/v2\/pages\/6513","targetHints":{"allow":["GET"]}}],"collection":[{"href":"https:\/\/nima-nazarinia.com\/de\/wp-json\/wp\/v2\/pages"}],"about":[{"href":"https:\/\/nima-nazarinia.com\/de\/wp-json\/wp\/v2\/types\/page"}],"author":[{"embeddable":true,"href":"https:\/\/nima-nazarinia.com\/de\/wp-json\/wp\/v2\/users\/1"}],"replies":[{"embeddable":true,"href":"https:\/\/nima-nazarinia.com\/de\/wp-json\/wp\/v2\/comments?post=6513"}],"version-history":[{"count":15,"href":"https:\/\/nima-nazarinia.com\/de\/wp-json\/wp\/v2\/pages\/6513\/revisions"}],"predecessor-version":[{"id":6983,"href":"https:\/\/nima-nazarinia.com\/de\/wp-json\/wp\/v2\/pages\/6513\/revisions\/6983"}],"wp:featuredmedia":[{"embeddable":true,"href":"https:\/\/nima-nazarinia.com\/de\/wp-json\/wp\/v2\/media\/6601"}],"wp:attachment":[{"href":"https:\/\/nima-nazarinia.com\/de\/wp-json\/wp\/v2\/media?parent=6513"}],"curies":[{"name":"wp","href":"https:\/\/api.w.org\/{rel}","templated":true}]}}